{"id":44,"date":"2019-09-06T02:07:34","date_gmt":"2019-09-06T02:07:34","guid":{"rendered":"http:\/\/cookiesoftware.com.mx\/?page_id=44"},"modified":"2019-09-18T01:43:09","modified_gmt":"2019-09-18T01:43:09","slug":"sistemas-de-informacion","status":"publish","type":"page","link":"https:\/\/cookiesoftware.com.mx\/?page_id=44","title":{"rendered":"Software"},"content":{"rendered":"\n<p>Es conocido como el conjunto de programas de c\u00f3mputo, procedimientos, reglas, documentaci\u00f3n y datos asociados que forman parte de las operaciones de un sistema de computaci\u00f3n.<\/p>\n\n\n\n<p> El Software es la parte l\u00f3gica de un sistema de computaci\u00f3n, permiti\u00e9ndole realizar el funcionamiento deseado.<\/p>\n\n\n\n<div class=\"wp-block-image\"><figure class=\"aligncenter is-resized\"><img loading=\"lazy\" decoding=\"async\" src=\"https:\/\/cookiesoftware.com.mx\/wp-content\/uploads\/2019\/09\/desarrollo-software-a-medida.jpg\" alt=\"\" class=\"wp-image-60\" width=\"508\" height=\"432\" srcset=\"https:\/\/cookiesoftware.com.mx\/wp-content\/uploads\/2019\/09\/desarrollo-software-a-medida.jpg 800w, https:\/\/cookiesoftware.com.mx\/wp-content\/uploads\/2019\/09\/desarrollo-software-a-medida-300x255.jpg 300w, https:\/\/cookiesoftware.com.mx\/wp-content\/uploads\/2019\/09\/desarrollo-software-a-medida-768x653.jpg 768w\" sizes=\"auto, (max-width: 508px) 100vw, 508px\" \/><\/figure><\/div>\n\n\n\n<p><strong>Tipos de software:<\/strong><\/p>\n\n\n\n<ul class=\"wp-block-list\"><li><strong>Software de Sistema. <\/strong>Nos permite la interacci\u00f3n con el hardware, ejemplo Windows, Linux.<\/li><li><strong>Software de Programaci\u00f3n.<\/strong> Software que nos permite programar o desarrollar un programa inform\u00e1tico a trav\u00e9s de uso de reglas l\u00f3gicas y un lenguaje espec\u00edfico, los cuales nos permiten darle forma.<\/li><li><strong>Software de aplicaci\u00f3n.<\/strong> Este software se enfoca \u00fanicamente en un aspecto o en la resoluci\u00f3n de alg\u00fan problema en particular y no, como lo hacen los software de sistema, en proporcionar un funcionamiento general mucho m\u00e1s complejos.\u00a0As\u00ed, ejemplos de este tipo de software son los procesadores de texto, los editores, las hojas de c\u00e1lculo, las bases de datos, los programas para comunicaci\u00f3n, etc.<\/li><\/ul>\n","protected":false},"excerpt":{"rendered":"<p>Es conocido como el conjunto de programas de c\u00f3mputo, procedimientos, reglas, documentaci\u00f3n y datos asociados que forman parte de las operaciones de un sistema de computaci\u00f3n. El Software es la parte l\u00f3gica de un sistema de computaci\u00f3n, permiti\u00e9ndole realizar el funcionamiento deseado. Tipos de software: Software de Sistema. Nos permite la interacci\u00f3n con el hardware,<\/p>\n<a href=\"https:\/\/cookiesoftware.com.mx\/?page_id=44\" class=\"btn frontech-btn\"><span><\/span>Read More<\/a>","protected":false},"author":1,"featured_media":45,"parent":0,"menu_order":0,"comment_status":"closed","ping_status":"closed","template":"","meta":{"footnotes":""},"class_list":["post-44","page","type-page","status-publish","has-post-thumbnail","hentry"],"_links":{"self":[{"href":"https:\/\/cookiesoftware.com.mx\/index.php?rest_route=\/wp\/v2\/pages\/44","targetHints":{"allow":["GET"]}}],"collection":[{"href":"https:\/\/cookiesoftware.com.mx\/index.php?rest_route=\/wp\/v2\/pages"}],"about":[{"href":"https:\/\/cookiesoftware.com.mx\/index.php?rest_route=\/wp\/v2\/types\/page"}],"author":[{"embeddable":true,"href":"https:\/\/cookiesoftware.com.mx\/index.php?rest_route=\/wp\/v2\/users\/1"}],"replies":[{"embeddable":true,"href":"https:\/\/cookiesoftware.com.mx\/index.php?rest_route=%2Fwp%2Fv2%2Fcomments&post=44"}],"version-history":[{"count":5,"href":"https:\/\/cookiesoftware.com.mx\/index.php?rest_route=\/wp\/v2\/pages\/44\/revisions"}],"predecessor-version":[{"id":64,"href":"https:\/\/cookiesoftware.com.mx\/index.php?rest_route=\/wp\/v2\/pages\/44\/revisions\/64"}],"wp:featuredmedia":[{"embeddable":true,"href":"https:\/\/cookiesoftware.com.mx\/index.php?rest_route=\/wp\/v2\/media\/45"}],"wp:attachment":[{"href":"https:\/\/cookiesoftware.com.mx\/index.php?rest_route=%2Fwp%2Fv2%2Fmedia&parent=44"}],"curies":[{"name":"wp","href":"https:\/\/api.w.org\/{rel}","templated":true}]}}